{"id":119462,"date":"2017-01-16T15:38:04","date_gmt":"2017-01-16T13:38:04","guid":{"rendered":"http:\/\/topopyrenees.com\/dev\/?page_id=119462"},"modified":"2020-01-28T12:35:57","modified_gmt":"2020-01-28T10:35:57","slug":"alpyrando","status":"publish","type":"page","link":"https:\/\/topopyrenees.com\/dev\/alpyrando\/","title":{"rendered":"ALPY&rsquo;RANDO"},"content":{"rendered":"<h4 style=\"text-align: center;\">Le magasin ALPY&rsquo;RANDO<\/h4>\n<p style=\"text-align: center;\"><strong>Adresse : 29 Rue Berlioz, 64000 Pau (05 59 12 02 87)<\/strong><\/p>\n<p style=\"text-align: center;\"><a href=\"http:\/\/alpyrando.fr\/\" target=\"_blank\" rel=\"noopener noreferrer\"><img decoding=\"async\" class=\"aligncenter wp-image-119472 size-full\" title=\"Site ALPY'RANDO\" src=\"http:\/\/topopyrenees.com\/dev\/wp-content\/uploads\/2017\/01\/alpyrando-affiche-topopyrenees.png\" width=\"619\" height=\"387\" srcset=\"https:\/\/topopyrenees.com\/dev\/wp-content\/uploads\/2017\/01\/alpyrando-affiche-topopyrenees.png 619w, https:\/\/topopyrenees.com\/dev\/wp-content\/uploads\/2017\/01\/alpyrando-affiche-topopyrenees-300x188.png 300w\" sizes=\"(max-width: 619px) 100vw, 619px\" \/><\/a><\/p>\n<h4>Jean-Paul et Lyonel avec son \u00e9quipe sont des passionn\u00e9s de montagne, ils sauront vous proposer des produits de qualit\u00e9 irr\u00e9prochable et vous donneront les meilleurs conseils pour la pratique de la randonn\u00e9e, l\u2019escalade, l\u2019alpinisme, le ski de randonn\u00e9e et la marche nordique.<\/h4>\n<p style=\"text-align: center;\"><span style=\"color: #ababab;\">.<\/span><\/p>\n<h4 class=\"location\" style=\"text-align: center;\">O\u00f9 se trouve ALPY&rsquo;RANDO<\/h4>\n<p style=\"text-align: center;\"><iframe loading=\"lazy\" style=\"border: 0;\" src=\"https:\/\/www.google.com\/maps\/embed?pb=!1m14!1m8!1m3!1d7468.231315689048!2d-0.345382!3d43.314031!3m2!1i1024!2i768!4f13.1!3m3!1m2!1s0x0%3A0x37401063f3a20080!2salpy'rando!5e1!3m2!1sfr!2sus!4v1484575922175\" width=\"611\" height=\"450\" frameborder=\"0\" allowfullscreen=\"allowfullscreen\"><\/iframe><\/p>\n<p style=\"text-align: center;\"><span style=\"color: #ababab;\">.<\/span><\/p>\n<h4 style=\"text-align: center;\">Les vid\u00e9os d&rsquo;Alpy&rsquo;rando<\/h4>\n<p style=\"text-align: center;\">\n<div class='avia-iframe-wrap'><iframe loading=\"lazy\" title=\"Alpy&#039;Rando\" src=\"https:\/\/player.vimeo.com\/video\/111226636?dnt=1&amp;app_id=122963\" width=\"1280\" height=\"720\" frameborder=\"0\" allow=\"autoplay; fullscreen\" allowfullscreen><\/iframe><\/div>\n<\/p>\n<p style=\"text-align: center;\"><span style=\"color: #ababab;\">.<\/span><\/p>\n<p style=\"text-align: center;\"><a href=\"https:\/\/www.facebook.com\/Alpyrando-540917199257657\/\" target=\"_blank\" rel=\"noopener noreferrer\"><img decoding=\"async\" class=\"aligncenter wp-image-132984 size-full\" title=\"La Page Facebook d'ALPY'RANDO\" src=\"http:\/\/topopyrenees.com\/dev\/wp-content\/uploads\/2017\/12\/alpyrando-topopyrenees.png\" alt=\"\" width=\"300\" height=\"299\" srcset=\"https:\/\/topopyrenees.com\/dev\/wp-content\/uploads\/2017\/12\/alpyrando-topopyrenees.png 300w, https:\/\/topopyrenees.com\/dev\/wp-content\/uploads\/2017\/12\/alpyrando-topopyrenees-150x150.png 150w\" sizes=\"(max-width: 300px) 100vw, 300px\" \/><\/a><\/p>\n","protected":false},"excerpt":{"rendered":"<p>Le magasin ALPY&rsquo;RANDO Adresse : 29 Rue Berlioz, 64000 Pau (05 59 12 02 87) Jean-Paul et Lyonel avec son \u00e9quipe sont des passionn\u00e9s de montagne, ils sauront vous proposer des produits de qualit\u00e9 irr\u00e9prochable et vous donneront les meilleurs conseils pour la pratique de la randonn\u00e9e, l\u2019escalade, l\u2019alpinisme, le ski de randonn\u00e9e et la [&hellip;]<\/p>\n","protected":false},"author":6,"featured_media":119472,"parent":0,"menu_order":0,"comment_status":"open","ping_status":"open","template":"","meta":{"footnotes":""},"class_list":["post-119462","page","type-page","status-publish","has-post-thumbnail","hentry"],"_links":{"self":[{"href":"https:\/\/topopyrenees.com\/dev\/wp-json\/wp\/v2\/pages\/119462","targetHints":{"allow":["GET"]}}],"collection":[{"href":"https:\/\/topopyrenees.com\/dev\/wp-json\/wp\/v2\/pages"}],"about":[{"href":"https:\/\/topopyrenees.com\/dev\/wp-json\/wp\/v2\/types\/page"}],"author":[{"embeddable":true,"href":"https:\/\/topopyrenees.com\/dev\/wp-json\/wp\/v2\/users\/6"}],"replies":[{"embeddable":true,"href":"https:\/\/topopyrenees.com\/dev\/wp-json\/wp\/v2\/comments?post=119462"}],"version-history":[{"count":0,"href":"https:\/\/topopyrenees.com\/dev\/wp-json\/wp\/v2\/pages\/119462\/revisions"}],"wp:featuredmedia":[{"embeddable":true,"href":"https:\/\/topopyrenees.com\/dev\/wp-json\/wp\/v2\/media\/119472"}],"wp:attachment":[{"href":"https:\/\/topopyrenees.com\/dev\/wp-json\/wp\/v2\/media?parent=119462"}],"curies":[{"name":"wp","href":"https:\/\/api.w.org\/{rel}","templated":true}]}}