{"id":187204,"date":"2021-09-18T13:40:35","date_gmt":"2021-09-18T11:40:35","guid":{"rendered":"https:\/\/topopyrenees.com\/dev\/?page_id=187204"},"modified":"2022-02-02T14:54:40","modified_gmt":"2022-02-02T12:54:40","slug":"page-daccueil-site-miroir-dossier-dv","status":"publish","type":"page","link":"https:\/\/topopyrenees.com\/dev\/page-daccueil-site-miroir-dossier-dv\/","title":{"rendered":"Page d&rsquo;Accueil site Miroir (Dossier Dv)"},"content":{"rendered":"<div  class='flex_column av-m8z9utg-dc98e85117f63ef96a0587c0a3cd4b93 av_one_full  avia-builder-el-0  el_before_av_one_full  avia-builder-el-first  first flex_column_div  '     ><section  class='av_textblock_section av-1jjz1fo-81731551d9cfa20e114a38ddf3d1bb80 '   itemscope=\"itemscope\" itemtype=\"https:\/\/schema.org\/CreativeWork\" ><div class='avia_textblock'  itemprop=\"text\" ><p style=\"text-align: center;\"><strong>Page d&rsquo;Accueil<\/strong><\/p>\n<\/div><\/section><\/div>\n<div  class='flex_column av-bqmax1g-096b901a187cd363735735f7c7ac29b5 av_one_full  avia-builder-el-2  el_after_av_one_full  el_before_av_textblock  first flex_column_div  column-top-margin'     ><style type=\"text\/css\" data-created_by=\"avia_inline_auto\" id=\"style-css-av-63ttpac-5b1fcd2e7448045e58c99c921d7a819c\">\n.avia-image-container.av-63ttpac-5b1fcd2e7448045e58c99c921d7a819c img.avia_image{\nbox-shadow:none;\n}\n.avia-image-container.av-63ttpac-5b1fcd2e7448045e58c99c921d7a819c .av-image-caption-overlay-center{\ncolor:#ffffff;\n}\n<\/style>\n<div  class='avia-image-container av-63ttpac-5b1fcd2e7448045e58c99c921d7a819c av-styling- av-img-linked avia-align-center  avia-builder-el-3  avia-builder-el-no-sibling '   itemprop=\"image\" itemscope=\"itemscope\" itemtype=\"https:\/\/schema.org\/ImageObject\" ><div class=\"avia-image-container-inner\"><div class=\"avia-image-overlay-wrap\"><a href=\"https:\/\/topopyrenees.com\/dev\/tableau-des-topos-dev\/\" class='avia_image '  aria-label='Mariano-Spectre-de-Brocken'><img decoding=\"async\" fetchpriority=\"high\" class='wp-image-171950 avia-img-lazy-loading-not-171950 avia_image ' src=\"https:\/\/topopyrenees.com\/dev\/wp-content\/uploads\/2021\/07\/Mariano-Spectre-de-Brocken-300x169.jpg\" alt='' title='Mariano-Spectre-de-Brocken'  height=\"169\" width=\"300\"  itemprop=\"thumbnailUrl\" srcset=\"https:\/\/topopyrenees.com\/dev\/wp-content\/uploads\/2021\/07\/Mariano-Spectre-de-Brocken-300x169.jpg 300w, https:\/\/topopyrenees.com\/dev\/wp-content\/uploads\/2021\/07\/Mariano-Spectre-de-Brocken-619x348.jpg 619w, https:\/\/topopyrenees.com\/dev\/wp-content\/uploads\/2021\/07\/Mariano-Spectre-de-Brocken-1536x864.jpg 1536w, https:\/\/topopyrenees.com\/dev\/wp-content\/uploads\/2021\/07\/Mariano-Spectre-de-Brocken-1500x844.jpg 1500w, https:\/\/topopyrenees.com\/dev\/wp-content\/uploads\/2021\/07\/Mariano-Spectre-de-Brocken-705x397.jpg 705w, https:\/\/topopyrenees.com\/dev\/wp-content\/uploads\/2021\/07\/Mariano-Spectre-de-Brocken.jpg 1600w\" sizes=\"(max-width: 300px) 100vw, 300px\" \/><\/a><\/div><\/div><\/div><\/div>\n<section  class='av_textblock_section av-kz5jxo33-2f8c5165cf1d69fbddd6cdbc37091518 '   itemscope=\"itemscope\" itemtype=\"https:\/\/schema.org\/CreativeWork\" ><div class='avia_textblock'  itemprop=\"text\" ><link href=\"https:\/\/fonts.googleapis.com\/css?family=Nunito:100,100i,200,200i,300,300i,400,400i,500,500i,600,600i,700,700i,800,800i,900,900i\" rel=\"stylesheet\"><div id=\"layerslider_3_1mqju45mvs4xy\"  class=\"ls-wp-container fitvidsignore ls-selectable\" style=\"width:1920px;height:565px;margin:0 auto;margin-bottom: 0px;\"><div class=\"ls-slide\" data-ls=\"bgsize:auto;\"><img style=\"filter: blur(3px);top:25%;left:110%;text-align:initial;font-weight:400;font-style:normal;text-decoration:none;width:233px;height:216px;opacity:.95;\" class=\"ls-l ls-img-layer\" data-ls=\"showinfo:1;loop:true;loopoffsetx:-120sw;loopduration:55000;loopstartat:allinend + 4000;loopcount:-1;parallax:true;parallaxlevel:-4;parallaxevent:scroll;parallaxdurationmove:750;position:fixed;\"><img style=\"top:35%;left:115%;text-align:initial;font-weight:400;font-style:normal;text-decoration:none;width:261px;height:335px;\" class=\"ls-l ls-img-layer\" data-ls=\"showinfo:1;durationin:1;loop:true;loopoffsetx:-130sw;loopduration:35000;loopstartat:allinend + 0;loopcount:-1;parallax:true;parallaxlevel:-7;parallaxevent:scroll;parallaxdurationmove:750;position:fixed;\"><img style=\"top:70%;left:0px;text-align:initial;font-weight:400;font-style:normal;text-decoration:none;\" class=\"ls-l ls-img-layer\" data-ls=\"showinfo:1;durationin:2000;loop:true;loopoffsetx:-1920;loopduration:60000;loopstartat:transitioninstart + 0;loopcount:-1;parallax:true;parallaxlevel:5;parallaxaxis:y;position:fixed;\"><img style=\"top:70%;left:0px;text-align:initial;font-weight:400;font-style:normal;text-decoration:none;\" class=\"ls-l ls-img-layer\" data-ls=\"showinfo:1;durationin:2000;loop:true;loopoffsetx:-1920;loopduration:35000;loopstartat:transitioninstart + 0;loopcount:-1;parallax:true;parallaxaxis:y;position:fixed;\"><img style=\"top:-268.0000021786113px;left:0px;text-align:initial;font-weight:400;font-style:normal;text-decoration:none;\" class=\"ls-l ls-img-layer\" data-ls=\"showinfo:1;durationin:2000;loop:true;loopoffsetx:-1920;loopduration:15000;loopstartat:transitioninstart + 0;loopcount:-1;parallax:true;parallaxlevel:15;parallaxaxis:y;position:fixed;\"><p style=\"top:239px;left:77px;text-align:initial;font-weight:400;font-style:normal;text-decoration:none;color:#001e37;font-family:Nunito;opacity:.85;border-bottom:4px solid #001e37;font-size:100px;padding-top:10px;padding-right:25px;padding-bottom:0px;padding-left:25px;\" class=\"ls-l ls-text-layer\" data-ls=\"showinfo:1;delayin:1000;fadein:false;clipin:0 100% 0 0;texttransitionin:true;texttypein:chars_rand;textdurationin:1500;texteasingin:easeOutElastic;textfadein:false;textrotatein:20|-20|-20|20;textrotateyin:90|-90;textscalexin:1.3;textscaleyin:1.3;loop:true;loopoffsety:120;loopduration:750;loopstartat:transitioninend + 1000;loopeasing:easeInOutQuint;looprotate:-90;loopscalex:.5;loopscaley:.5;looptransformorigin:left bottom 0;loopcount:1;parallax:true;parallaxlevel:-10;parallaxevent:scroll;parallaxdurationmove:750;position:relative;\">Topopyr\u00e9n\u00e9es<\/p><h1 style=\"top:395px;left:199px;text-align:initial;font-weight:400;font-style:normal;text-decoration:none;font-family:Nunito;font-size:63px;color:#001e37;\" class=\"ls-l ls-text-layer\" data-ls=\"showinfo:1;transitionin:false;texttransitionin:true;texttypein:chars_asc;textshiftin:250;texteasingin:easeOutBack;textstartatin:transitioninend + 4200;textrotateyin:-90;parallax:true;parallaxlevel:-10;parallaxevent:scroll;parallaxdurationmove:750;position:relative;\">Tous les Panoramas \u00e0 360\u00b0 de la cha\u00eene des Pyr\u00e9n\u00e9es<\/h1><a href=\"https:\/\/www.topopyrenees.com\/wp-content\/uploads\/2005\/05\/_Tous-les-Panoramas\/Panoramas.html\" target=\"_self\" class=\"ls-link ls-link-on-top\"><\/a><\/div><\/div>\n<\/div><\/section>\n","protected":false},"excerpt":{"rendered":"","protected":false},"author":6,"featured_media":0,"parent":0,"menu_order":0,"comment_status":"closed","ping_status":"closed","template":"","meta":{"footnotes":""},"class_list":["post-187204","page","type-page","status-publish","hentry"],"_links":{"self":[{"href":"https:\/\/topopyrenees.com\/dev\/wp-json\/wp\/v2\/pages\/187204","targetHints":{"allow":["GET"]}}],"collection":[{"href":"https:\/\/topopyrenees.com\/dev\/wp-json\/wp\/v2\/pages"}],"about":[{"href":"https:\/\/topopyrenees.com\/dev\/wp-json\/wp\/v2\/types\/page"}],"author":[{"embeddable":true,"href":"https:\/\/topopyrenees.com\/dev\/wp-json\/wp\/v2\/users\/6"}],"replies":[{"embeddable":true,"href":"https:\/\/topopyrenees.com\/dev\/wp-json\/wp\/v2\/comments?post=187204"}],"version-history":[{"count":0,"href":"https:\/\/topopyrenees.com\/dev\/wp-json\/wp\/v2\/pages\/187204\/revisions"}],"wp:attachment":[{"href":"https:\/\/topopyrenees.com\/dev\/wp-json\/wp\/v2\/media?parent=187204"}],"curies":[{"name":"wp","href":"https:\/\/api.w.org\/{rel}","templated":true}]}}